{"id":17480,"date":"2025-04-09T05:59:01","date_gmt":"2025-04-09T05:59:01","guid":{"rendered":"https:\/\/www.estheticclinicgnr.com\/?page_id=17480"},"modified":"2025-08-06T19:35:28","modified_gmt":"2025-08-06T19:35:28","slug":"%d0%ba%d0%be%d0%bd%d1%82%d0%b0%d0%ba%d1%82%d1%8b","status":"publish","type":"page","link":"https:\/\/www.estheticclinicgnr.com\/ru\/%d0%ba%d0%be%d0%bd%d1%82%d0%b0%d0%ba%d1%82%d1%8b\/","title":{"rendered":"\u041a\u043e\u043d\u0442\u0430\u043a\u0442\u044b"},"content":{"rendered":"\t\t<div data-elementor-type=\"wp-page\" data-elementor-id=\"17480\" class=\"elementor elementor-17480 elementor-3994\" data-elementor-post-type=\"page\">\n\t\t\t\t<div class=\"elementor-element elementor-element-f355ca2 e-flex e-con-boxed e-con e-parent\" data-id=\"f355ca2\" data-element_type=\"container\" data-settings=\"{&quot;background_background&quot;:&quot;classic&quot;}\">\n\t\t\t\t\t<div class=\"e-con-inner\">\n\t\t<div class=\"elementor-element elementor-element-8d936bc e-con-full e-flex e-con e-child\" data-id=\"8d936bc\" data-element_type=\"container\">\n\t\t\t\t<div class=\"elementor-element elementor-element-f337e13 elementor-invisible elementor-widget elementor-widget-glowix-breadcrumb\" data-id=\"f337e13\" data-element_type=\"widget\" data-settings=\"{&quot;_animation&quot;:&quot;fadeInUp&quot;,&quot;ekit_we_effect_on&quot;:&quot;none&quot;}\" data-widget_type=\"glowix-breadcrumb.default\">\n\t\t\t\t<div class=\"elementor-widget-container\">\n\t\t\t\t\t<div role=\"navigation\" aria-label=\"Breadcrumbs\" class=\"breadcrumb-trail breadcrumbs\"><ol class=\"trail-items\"><li class=\"trail-item trail-end\"><a href=\"https:\/\/www.estheticclinicgnr.com\/ru\/\" rel=\"home\"><span>\u0413\u043b\u0430\u0432\u043d\u0430\u044f \u0441\u0442\u0440\u0430\u043d\u0438\u0446\u0430<\/span><\/a><\/li><\/ol><\/div>\t\t\t\t<\/div>\n\t\t\t\t<\/div>\n\t\t\t\t<\/div>\n\t\t\t\t\t<\/div>\n\t\t\t\t<\/div>\n\t\t<div class=\"elementor-element elementor-element-5d243bb e-flex e-con-boxed e-con e-parent\" data-id=\"5d243bb\" data-element_type=\"container\">\n\t\t\t\t\t<div class=\"e-con-inner\">\n\t\t<div class=\"elementor-element elementor-element-af42dea e-con-full e-flex e-con e-child\" data-id=\"af42dea\" data-element_type=\"container\">\n\t\t\t\t<div class=\"elementor-element elementor-element-80680aa at-heading-animation at-animation-heading-style-2 elementor-widget elementor-widget-heading\" data-id=\"80680aa\" data-element_type=\"widget\" data-settings=\"{&quot;ekit_we_effect_on&quot;:&quot;none&quot;}\" data-widget_type=\"heading.default\">\n\t\t\t\t\t<h2 class=\"elementor-heading-title elementor-size-default\">\u0420\u0430\u0441\u043a\u0440\u043e\u0439\u0442\u0435 \u0441\u0432\u043e\u044e \u043a\u0440\u0430\u0441\u043e\u0442\u0443<\/h2>\t\t\t\t<\/div>\n\t\t\t\t<div class=\"elementor-element elementor-element-eadb159 elementor-invisible elementor-widget elementor-widget-text-editor\" data-id=\"eadb159\" data-element_type=\"widget\" data-settings=\"{&quot;_animation&quot;:&quot;fadeInUp&quot;,&quot;ekit_we_effect_on&quot;:&quot;none&quot;}\" data-widget_type=\"text-editor.default\">\n\t\t\t\t\t\t\t\t\t<p>\u0421\u0432\u044f\u0436\u0438\u0442\u0435\u0441\u044c \u0441 \u043d\u0430\u043c\u0438 \u0441\u0435\u0433\u043e\u0434\u043d\u044f, \u0447\u0442\u043e\u0431\u044b \u043f\u043e\u043b\u0443\u0447\u0438\u0442\u044c \u043f\u0440\u043e\u0444\u0435\u0441\u0441\u0438\u043e\u043d\u0430\u043b\u044c\u043d\u0443\u044e \u043a\u043e\u043d\u0441\u0443\u043b\u044c\u0442\u0430\u0446\u0438\u044e \u0438 \u0432\u044b\u0441\u043e\u043a\u043e\u043a\u0430\u0447\u0435\u0441\u0442\u0432\u0435\u043d\u043d\u043e\u0435 \u043e\u0431\u0441\u043b\u0443\u0436\u0438\u0432\u0430\u043d\u0438\u0435.<\/p>\t\t\t\t\t\t\t\t<\/div>\n\t\t\t\t<\/div>\n\t\t<div class=\"elementor-element elementor-element-ae0eaeb e-con-full e-flex e-con e-child\" data-id=\"ae0eaeb\" data-element_type=\"container\">\n\t\t<div class=\"elementor-element elementor-element-01880d4 e-con-full e-flex elementor-invisible e-con e-child\" data-id=\"01880d4\" data-element_type=\"container\" data-settings=\"{&quot;animation&quot;:&quot;fadeInUp&quot;}\">\n\t\t\t\t<div class=\"elementor-element elementor-element-6f594cf ekit-equal-height-enable elementor-widget-mobile__width-inherit elementor-widget elementor-widget-elementskit-icon-box\" data-id=\"6f594cf\" data-element_type=\"widget\" data-settings=\"{&quot;ekit_we_effect_on&quot;:&quot;none&quot;}\" data-widget_type=\"elementskit-icon-box.default\">\n\t\t\t\t\t<div class=\"ekit-wid-con\" >        <!-- link opening -->\n                <!-- end link opening -->\n\n        <div class=\"elementskit-infobox text-left text-left icon-top-align elementor-animation-   \">\n                    <div class=\"elementskit-box-header elementor-animation-\">\n                <div class=\"elementskit-info-box-icon  \">\n                    <i aria-hidden=\"true\" class=\"elementkit-infobox-icon icon icon-map-marker1\"><\/i>\n                <\/div>\n          <\/div>\n                        <div class=\"box-body\">\n                            <h3 class=\"elementskit-info-box-title\">\n                    \u0420\u0430\u0441\u043f\u043e\u043b\u043e\u0436\u0435\u043d\u0438\u0435                <\/h3>\n                        \t\t  \t<p>Yakuplu, H\u00fcrriyet Blv. Skyport Residance Kat: 20 D: 173 <br>Beylikd\u00fcz\u00fc\/\u0130stanbul<\/p>\n                                <\/div>\n        \n        \n                <\/div>\n        <\/div>\t\t\t\t<\/div>\n\t\t\t\t<\/div>\n\t\t<div class=\"elementor-element elementor-element-ec92af6 e-con-full e-flex elementor-invisible e-con e-child\" data-id=\"ec92af6\" data-element_type=\"container\" data-settings=\"{&quot;animation&quot;:&quot;fadeInUp&quot;,&quot;animation_delay&quot;:100}\">\n\t\t\t\t<div class=\"elementor-element elementor-element-9f5b142 ekit-equal-height-enable elementor-widget-mobile__width-inherit elementor-widget elementor-widget-elementskit-icon-box\" data-id=\"9f5b142\" data-element_type=\"widget\" data-settings=\"{&quot;ekit_we_effect_on&quot;:&quot;none&quot;}\" data-widget_type=\"elementskit-icon-box.default\">\n\t\t\t\t\t<div class=\"ekit-wid-con\" >        <!-- link opening -->\n                <!-- end link opening -->\n\n        <div class=\"elementskit-infobox text-left text-left icon-top-align elementor-animation-   \">\n                    <div class=\"elementskit-box-header elementor-animation-\">\n                <div class=\"elementskit-info-box-icon  \">\n                    <svg xmlns=\"http:\/\/www.w3.org\/2000\/svg\" width=\"20\" height=\"20\" viewBox=\"0 0 20 20\" fill=\"none\"><path d=\"M7.49609 4.97461C7.49609 4.70624 7.39138 4.44792 7.2041 4.25586L4.48925 1.54199C4.29493 1.35446 4.03489 1.24903 3.76465 1.24902C3.49601 1.24902 3.23788 1.35266 3.04394 1.53809L2.41504 2.18066L2.40918 2.1875C1.8289 2.76019 1.43566 3.49256 1.27832 4.28711L1.22558 4.63184C1.12413 5.55434 1.34207 6.48351 1.84277 7.26465L2.39941 8.06543C5.22869 12.0281 8.7455 15.4552 12.7852 18.1826C13.5683 18.6878 14.5023 18.9085 15.4287 18.8066L15.7725 18.7539C16.5675 18.5966 17.3001 18.2037 17.873 17.623L17.8789 17.6172L18.5156 16.9941C18.7049 16.7995 18.8114 16.5391 18.8115 16.2676C18.8115 15.9951 18.705 15.7328 18.5146 15.5381L15.793 12.8447C15.6007 12.6557 15.3418 12.5509 15.0723 12.5508C14.8025 12.5508 14.5428 12.6567 14.3506 12.8457L14.3496 12.8467C13.9679 13.2196 13.4554 13.4287 12.9219 13.4287C12.3882 13.4287 11.8758 13.2195 11.4941 12.8467L7.2041 8.55664C7.06273 8.41675 6.94286 8.25636 6.84863 8.08203L6.76269 7.90234C6.65962 7.65603 6.60644 7.39101 6.60644 7.12402C6.60649 6.85715 6.65966 6.59288 6.76269 6.34668L6.84863 6.16699C6.9423 5.99365 7.06087 5.83464 7.20117 5.69531C7.39006 5.50301 7.49603 5.24414 7.49609 4.97461ZM8.49609 4.97461C8.49603 5.50643 8.28682 6.01717 7.91406 6.39648L7.9082 6.40234C7.83666 6.4729 7.77618 6.55355 7.72851 6.6416L7.68457 6.73242C7.63271 6.85632 7.60649 6.98968 7.60644 7.12402C7.60644 7.25835 7.63276 7.3917 7.68457 7.51562L7.72851 7.60645C7.76038 7.66539 7.79798 7.72094 7.84082 7.77246L7.9082 7.84668L12.1924 12.1309L12.2686 12.1982C12.453 12.3464 12.6833 12.4287 12.9219 12.4287C13.1938 12.4287 13.4547 12.3216 13.6494 12.1318L13.7978 12C14.157 11.7101 14.6068 11.5508 15.0723 11.5508C15.5376 11.5509 15.9866 11.7102 16.3457 12L16.4941 12.1318L16.4951 12.1328L19.2236 14.833L19.2295 14.8389L19.3613 14.9883C19.6513 15.3494 19.8115 15.8006 19.8115 16.2676C19.8114 16.8013 19.6025 17.3137 19.2295 17.6953L19.2217 17.7031L18.5781 18.332C17.8141 19.1035 16.8236 19.608 15.7539 19.7725L15.5381 19.8008C14.3832 19.9277 13.2195 19.6533 12.2432 19.0234L12.2353 19.0176C7.81679 16.036 4.00859 12.2371 1.01562 7.82617L1.00879 7.81738C0.379116 6.84119 0.104449 5.67715 0.231442 4.52246L0.259762 4.30664C0.413691 3.30555 0.865 2.37359 1.55468 1.63184L1.70605 1.47559L2.32812 0.838867L2.48535 0.699219C2.84651 0.409099 3.29745 0.249023 3.76465 0.249023C4.23183 0.249025 4.68278 0.409095 5.04394 0.699219L5.19238 0.831055L5.19726 0.834961L7.91406 3.55273L8.0459 3.70117C8.33556 4.0603 8.49609 4.50927 8.49609 4.97461Z\" fill=\"currentColor\"><\/path><\/svg>\n                <\/div>\n          <\/div>\n                        <div class=\"box-body\">\n                            <h3 class=\"elementskit-info-box-title\">\n                    \u0422\u0435\u043b\u0435\u0444\u043e\u043d                <\/h3>\n                        \t\t  \t<p><a href=\"tel:+905421105174\">+90 542 110 5174 <\/a><br><\/p>\n                                <\/div>\n        \n        \n                <\/div>\n        <\/div>\t\t\t\t<\/div>\n\t\t\t\t<\/div>\n\t\t<div class=\"elementor-element elementor-element-9fa1f28 e-con-full e-flex elementor-invisible e-con e-child\" data-id=\"9fa1f28\" data-element_type=\"container\" data-settings=\"{&quot;animation&quot;:&quot;fadeInUp&quot;,&quot;animation_delay&quot;:200}\">\n\t\t\t\t<div class=\"elementor-element elementor-element-dc4fbbe ekit-equal-height-enable elementor-widget-mobile__width-inherit elementor-widget elementor-widget-elementskit-icon-box\" data-id=\"dc4fbbe\" data-element_type=\"widget\" data-settings=\"{&quot;ekit_we_effect_on&quot;:&quot;none&quot;}\" data-widget_type=\"elementskit-icon-box.default\">\n\t\t\t\t\t<div class=\"ekit-wid-con\" >        <!-- link opening -->\n                <!-- end link opening -->\n\n        <div class=\"elementskit-infobox text-left text-left icon-top-align elementor-animation-   \">\n                    <div class=\"elementskit-box-header elementor-animation-\">\n                <div class=\"elementskit-info-box-icon  \">\n                    <svg xmlns=\"http:\/\/www.w3.org\/2000\/svg\" width=\"21\" height=\"16\" viewBox=\"0 0 21 16\" fill=\"none\"><path d=\"M19.2197 1.92871C19.2197 1.41588 18.8039 1 18.291 1H2.57715C2.06431 1 1.64844 1.41587 1.64844 1.92871V14.0713C1.64844 14.5842 2.06432 15 2.57715 15H18.291C18.8039 15 19.2197 14.5841 19.2197 14.0713V1.92871ZM20.2197 14.0713C20.2197 15.1364 19.3562 16 18.291 16H2.57715C1.51202 16 0.648438 15.1364 0.648438 14.0713V1.92871C0.648438 0.863589 1.51203 0 2.57715 0H18.291C19.3561 0 20.2197 0.863579 20.2197 1.92871V14.0713Z\" fill=\"currentColor\"><\/path><path d=\"M19.4785 1.84569C19.6821 1.73335 19.9438 1.77617 20.1006 1.95995C20.2794 2.16984 20.2544 2.48484 20.0449 2.66405L11.6729 9.8076L11.668 9.81151C11.3216 10.0998 10.8852 10.2577 10.4346 10.2578C10.0399 10.2578 9.65591 10.1367 9.33399 9.91307L9.2002 9.81151L9.19532 9.8076L0.824226 2.66405L0.753914 2.59178C0.610636 2.40842 0.61165 2.14385 0.768562 1.95995C0.925337 1.77626 1.18612 1.73345 1.38966 1.84569L1.47266 1.90428L9.83985 9.04296L9.97266 9.13475C10.1124 9.21481 10.2717 9.2578 10.4346 9.2578C10.6514 9.25771 10.8616 9.1818 11.0283 9.04296L19.3955 1.90428L19.4785 1.84569Z\" fill=\"currentColor\"><\/path><\/svg>\n                <\/div>\n          <\/div>\n                        <div class=\"box-body\">\n                            <h3 class=\"elementskit-info-box-title\">\n                    \u042d\u043b\u0435\u043a\u0442\u0440\u043e\u043d\u043d\u0430\u044f \u043f\u043e\u0447\u0442\u0430                <\/h3>\n                        \t\t  \t<p><a href=\"mailto:info@estheticclinicgnr.com\">info@estheticclinicgnr.com<\/a><\/p>\n                                <\/div>\n        \n        \n                <\/div>\n        <\/div>\t\t\t\t<\/div>\n\t\t\t\t<\/div>\n\t\t\t\t<\/div>\n\t\t\t\t\t<\/div>\n\t\t\t\t<\/div>\n\t\t<div class=\"elementor-element elementor-element-f21a21c e-flex e-con-boxed e-con e-parent\" data-id=\"f21a21c\" data-element_type=\"container\">\n\t\t\t\t\t<div class=\"e-con-inner\">\n\t\t<div class=\"elementor-element elementor-element-e55caeb e-con-full e-flex e-con e-child\" data-id=\"e55caeb\" data-element_type=\"container\">\n\t\t<div class=\"elementor-element elementor-element-a7bbb04 e-con-full e-flex e-con e-child\" data-id=\"a7bbb04\" data-element_type=\"container\" data-settings=\"{&quot;background_background&quot;:&quot;classic&quot;}\">\n\t\t\t\t<div class=\"elementor-element elementor-element-21af73c at-heading-animation at-animation-heading-style-2 elementor-widget elementor-widget-heading\" data-id=\"21af73c\" data-element_type=\"widget\" data-settings=\"{&quot;ekit_we_effect_on&quot;:&quot;none&quot;}\" data-widget_type=\"heading.default\">\n\t\t\t\t\t<h2 class=\"elementor-heading-title elementor-size-default\">\u0423 \u0432\u0430\u0441 \u0435\u0441\u0442\u044c \u0432\u043e\u043f\u0440\u043e\u0441\u044b?<\/h2>\t\t\t\t<\/div>\n\t\t\t\t<div class=\"elementor-element elementor-element-29281c0 elementor-widget elementor-widget-wpforms\" data-id=\"29281c0\" data-element_type=\"widget\" data-settings=\"{&quot;ekit_we_effect_on&quot;:&quot;none&quot;}\" data-widget_type=\"wpforms.default\">\n\t\t\t\t<div class=\"elementor-widget-container\">\n\t\t\t\t\t<style id=\"wpforms-css-vars-elementor-widget-29281c0\">\n\t\t\t\t.elementor-widget-wpforms.elementor-element-29281c0 {\n\t\t\t\t--wpforms-field-border-radius: 10px;\n--wpforms-button-border-radius: 10px;\n--wpforms-container-border-radius: 10px;\n\n\t\t\t}\n\t\t\t<\/style><div class=\"wpforms-container wpforms-container-full wpforms-render-modern\" id=\"wpforms-13985\"><form id=\"wpforms-form-13985\" class=\"wpforms-validate wpforms-form wpforms-ajax-form\" data-formid=\"13985\" method=\"post\" enctype=\"multipart\/form-data\" action=\"\/ru\/wp-json\/wp\/v2\/pages\/17480\" data-token=\"848919fb83cd4d7bee2bddad71ab3fc2\" data-token-time=\"1777546238\"><noscript class=\"wpforms-error-noscript\">\u0414\u043b\u044f \u0437\u0430\u043f\u043e\u043b\u043d\u0435\u043d\u0438\u044f \u0434\u0430\u043d\u043d\u043e\u0439 \u0444\u043e\u0440\u043c\u044b \u0432\u043a\u043b\u044e\u0447\u0438\u0442\u0435 JavaScript \u0432 \u0431\u0440\u0430\u0443\u0437\u0435\u0440\u0435.<\/noscript><div id=\"wpforms-error-noscript\" style=\"display: none;\">\u0414\u043b\u044f \u0437\u0430\u043f\u043e\u043b\u043d\u0435\u043d\u0438\u044f \u0434\u0430\u043d\u043d\u043e\u0439 \u0444\u043e\u0440\u043c\u044b \u0432\u043a\u043b\u044e\u0447\u0438\u0442\u0435 JavaScript \u0432 \u0431\u0440\u0430\u0443\u0437\u0435\u0440\u0435.<\/div><div class=\"wpforms-field-container\"><div id=\"wpforms-13985-field_1-container\" class=\"wpforms-field wpforms-field-name\" data-field-id=\"1\"><fieldset><legend class=\"wpforms-field-label\">\u041f\u043e\u043b\u043d\u043e\u0435 \u0438\u043c\u044f <span class=\"wpforms-required-label\" aria-hidden=\"true\">*<\/span><\/legend><div class=\"wpforms-field-row wpforms-field-large\"><div class=\"wpforms-field-row-block wpforms-first wpforms-one-half\"><input type=\"text\" id=\"wpforms-13985-field_1\" class=\"wpforms-field-name-first wpforms-field-required\" name=\"wpforms[fields][1][first]\" aria-errormessage=\"wpforms-13985-field_1-error\" required><label for=\"wpforms-13985-field_1\" class=\"wpforms-field-sublabel after\">\u0418\u043c\u044f<\/label><\/div><div class=\"wpforms-field-row-block wpforms-one-half\"><input type=\"text\" id=\"wpforms-13985-field_1-last\" class=\"wpforms-field-name-last wpforms-field-required\" name=\"wpforms[fields][1][last]\" aria-errormessage=\"wpforms-13985-field_1-last-error\" required><label for=\"wpforms-13985-field_1-last\" class=\"wpforms-field-sublabel after\">\u0424\u0430\u043c\u0438\u043b\u0438\u044f<\/label><\/div><\/div><\/fieldset><\/div><div id=\"wpforms-13985-field_4-container\" class=\"wpforms-field wpforms-field-layout\" data-field-id=\"4\"><div class=\"wpforms-field-layout-rows wpforms-field-large\"><div class=\"wpforms-layout-row\"><div class=\"wpforms-layout-column wpforms-layout-column-50\"><div id=\"wpforms-13985-field_2-container\" class=\"wpforms-field wpforms-field-email\" data-field-id=\"2\"><label class=\"wpforms-field-label\" for=\"wpforms-13985-field_2\">\u042d\u043b\u0435\u043a\u0442\u0440\u043e\u043d\u043d\u0430\u044f \u043f\u043e\u0447\u0442\u0430 <span class=\"wpforms-required-label\" aria-hidden=\"true\">*<\/span><\/label><input type=\"email\" id=\"wpforms-13985-field_2\" class=\"wpforms-field-large wpforms-field-required\" name=\"wpforms[fields][2]\" spellcheck=\"false\" aria-errormessage=\"wpforms-13985-field_2-error\" required><\/div><\/div><div class=\"wpforms-layout-column wpforms-layout-column-50\"><div id=\"wpforms-13985-field_5-container\" class=\"wpforms-field wpforms-field-phone\" data-field-id=\"5\"><label class=\"wpforms-field-label\" for=\"wpforms-13985-field_5\">\u041d\u043e\u043c\u0435\u0440 \u0442\u0435\u043b\u0435\u0444\u043e\u043d\u0430<\/label><input type=\"tel\" id=\"wpforms-13985-field_5\" class=\"wpforms-field-medium wpforms-smart-phone-field\" data-rule-smart-phone-field=\"true\" name=\"wpforms[fields][5]\" aria-label=\"\u041d\u043e\u043c\u0435\u0440 \u0442\u0435\u043b\u0435\u0444\u043e\u043d\u0430\" aria-errormessage=\"wpforms-13985-field_5-error\" ><\/div><\/div><\/div><\/div><\/div>\t\t<div id=\"wpforms-13985-field_6-container\"\n\t\t\tclass=\"wpforms-field wpforms-field-text\"\n\t\t\tdata-field-type=\"text\"\n\t\t\tdata-field-id=\"6\"\n\t\t\t>\n\t\t\t<label class=\"wpforms-field-label\" for=\"wpforms-13985-field_6\" >\u041d\u043e\u043c\u0435\u0440 Layout \u0441\u043e\u043e\u0431\u0449\u0435\u043d\u0438\u0435<\/label>\n\t\t\t<input type=\"text\" id=\"wpforms-13985-field_6\" class=\"wpforms-field-medium\" name=\"wpforms[fields][6]\" >\n\t\t<\/div>\n\t\t<div id=\"wpforms-13985-field_3-container\" class=\"wpforms-field wpforms-field-textarea\" data-field-id=\"3\"><label class=\"wpforms-field-label\" for=\"wpforms-13985-field_3\">\u041a\u043e\u043c\u043c\u0435\u043d\u0442\u0430\u0440\u0438\u0439 \u0438\u043b\u0438 \u0441\u043e\u043e\u0431\u0449\u0435\u043d\u0438\u0435<\/label><textarea id=\"wpforms-13985-field_3\" class=\"wpforms-field-medium\" name=\"wpforms[fields][3]\" aria-errormessage=\"wpforms-13985-field_3-error\" ><\/textarea><\/div><script>\n\t\t\t\t( function() {\n\t\t\t\t\tconst style = document.createElement( 'style' );\n\t\t\t\t\tstyle.appendChild( document.createTextNode( '#wpforms-13985-field_6-container { position: absolute !important; overflow: hidden !important; display: inline !important; height: 1px !important; width: 1px !important; z-index: -1000 !important; padding: 0 !important; } #wpforms-13985-field_6-container input { visibility: hidden; } #wpforms-conversational-form-page #wpforms-13985-field_6-container label { counter-increment: none; }' ) );\n\t\t\t\t\tdocument.head.appendChild( style );\n\t\t\t\t\tdocument.currentScript?.remove();\n\t\t\t\t} )();\n\t\t\t<\/script><\/div><!-- .wpforms-field-container --><div class=\"wpforms-submit-container\" ><input type=\"hidden\" name=\"wpforms[id]\" value=\"13985\"><input type=\"hidden\" name=\"page_title\" value=\"\"><input type=\"hidden\" name=\"page_url\" value=\"https:\/\/www.estheticclinicgnr.com\/ru\/wp-json\/wp\/v2\/pages\/17480\"><input type=\"hidden\" name=\"url_referer\" value=\"\"><button type=\"submit\" name=\"wpforms[submit]\" id=\"wpforms-submit-13985\" class=\"wpforms-submit\" data-alt-text=\"\u041e\u0442\u043f\u0440\u0430\u0432\u043a\u0430...\" data-submit-text=\"\u041e\u0442\u043f\u0440\u0430\u0432\u0438\u0442\u044c \u0441\u0435\u0439\u0447\u0430\u0441!\" aria-live=\"assertive\" value=\"wpforms-submit\">\u041e\u0442\u043f\u0440\u0430\u0432\u0438\u0442\u044c \u0441\u0435\u0439\u0447\u0430\u0441!<\/button><img decoding=\"async\" src=\"https:\/\/www.estheticclinicgnr.com\/wp-content\/plugins\/wpforms\/assets\/images\/submit-spin.svg\" class=\"wpforms-submit-spinner\" style=\"display: none;\" width=\"26\" height=\"26\" alt=\"\u0417\u0430\u0433\u0440\u0443\u0437\u043a\u0430\"><\/div><\/form><\/div>  <!-- .wpforms-container -->\t\t\t\t<\/div>\n\t\t\t\t<\/div>\n\t\t\t\t<\/div>\n\t\t<div class=\"elementor-element elementor-element-c3145a8 e-con-full e-flex e-con e-child\" data-id=\"c3145a8\" data-element_type=\"container\">\n\t\t\t\t<div class=\"elementor-element elementor-element-8967590 contact-map-gbc elementor-widget elementor-widget-google_maps\" data-id=\"8967590\" data-element_type=\"widget\" data-settings=\"{&quot;ekit_we_effect_on&quot;:&quot;none&quot;}\" data-widget_type=\"google_maps.default\">\n\t\t\t\t\t\t\t<div class=\"elementor-custom-embed\">\n\t\t\t<iframe loading=\"lazy\"\n\t\t\t\t\tsrc=\"https:\/\/maps.google.com\/maps?q=Yakuplu%2C%20H%C3%BCrriyet%20Blv%20Skyport%20residance%20kat%2020%20daire%20173%2C%2034524%20Beylikd%C3%BCz%C3%BC%2F%C4%B0stanbul%20Esthetic%20Clinic%20GNR&#038;t=m&#038;z=14&#038;output=embed&#038;iwloc=near\"\n\t\t\t\t\ttitle=\"Yakuplu, H\u00fcrriyet Blv Skyport residance kat 20 daire 173, 34524 Beylikd\u00fcz\u00fc\/\u0130stanbul Esthetic Clinic GNR\"\n\t\t\t\t\taria-label=\"Yakuplu, H\u00fcrriyet Blv Skyport residance kat 20 daire 173, 34524 Beylikd\u00fcz\u00fc\/\u0130stanbul Esthetic Clinic GNR\"\n\t\t\t><\/iframe>\n\t\t<\/div>\n\t\t\t\t\t\t<\/div>\n\t\t\t\t<\/div>\n\t\t\t\t<\/div>\n\t\t\t\t\t<\/div>\n\t\t\t\t<\/div>\n\t\t\t\t<\/div>\n\t\t","protected":false},"excerpt":{"rendered":"<p>Home \u0420\u0430\u0441\u043a\u0440\u043e\u0439\u0442\u0435 \u0441\u0432\u043e\u044e \u043a\u0440\u0430\u0441\u043e\u0442\u0443 \u0421\u0432\u044f\u0436\u0438\u0442\u0435\u0441\u044c \u0441 \u043d\u0430\u043c\u0438 \u0441\u0435\u0433\u043e\u0434\u043d\u044f, [&hellip;]<\/p>\n","protected":false},"author":1,"featured_media":0,"parent":0,"menu_order":0,"comment_status":"closed","ping_status":"closed","template":"elementor_header_footer","meta":{"footnotes":""},"class_list":["post-17480","page","type-page","status-publish","hentry"],"_links":{"self":[{"href":"https:\/\/www.estheticclinicgnr.com\/ru\/wp-json\/wp\/v2\/pages\/17480","targetHints":{"allow":["GET"]}}],"collection":[{"href":"https:\/\/www.estheticclinicgnr.com\/ru\/wp-json\/wp\/v2\/pages"}],"about":[{"href":"https:\/\/www.estheticclinicgnr.com\/ru\/wp-json\/wp\/v2\/types\/page"}],"author":[{"embeddable":true,"href":"https:\/\/www.estheticclinicgnr.com\/ru\/wp-json\/wp\/v2\/users\/1"}],"replies":[{"embeddable":true,"href":"https:\/\/www.estheticclinicgnr.com\/ru\/wp-json\/wp\/v2\/comments?post=17480"}],"version-history":[{"count":0,"href":"https:\/\/www.estheticclinicgnr.com\/ru\/wp-json\/wp\/v2\/pages\/17480\/revisions"}],"wp:attachment":[{"href":"https:\/\/www.estheticclinicgnr.com\/ru\/wp-json\/wp\/v2\/media?parent=17480"}],"curies":[{"name":"wp","href":"https:\/\/api.w.org\/{rel}","templated":true}]}}